{"id":56,"date":"2022-01-19T05:25:33","date_gmt":"2022-01-19T05:25:33","guid":{"rendered":"https:\/\/norterapias.com\/?page_id=56"},"modified":"2022-01-19T15:17:49","modified_gmt":"2022-01-19T15:17:49","slug":"quienes-somos","status":"publish","type":"page","link":"https:\/\/norterapias.com\/?page_id=56","title":{"rendered":"Qui\u00e9nes Somos"},"content":{"rendered":"<p>[et_pb_section fb_built=&#8221;1&#8243; next_background_color=&#8221;#ffffff&#8221; _builder_version=&#8221;4.14.6&#8243; _module_preset=&#8221;default&#8221; background_color=&#8221;rgba(10,10,10,0.35)&#8221; background_image=&#8221;https:\/\/norterapias.com\/wp-content\/uploads\/2022\/01\/pexels-karolina-grabowska-4506109.jpg&#8221; background_blend=&#8221;darken&#8221; custom_padding=&#8221;69px||69px||true|false&#8221; bottom_divider_style=&#8221;slant2&#8243; bottom_divider_height=&#8221;21px&#8221; bottom_divider_flip=&#8221;horizontal&#8221; hover_enabled=&#8221;0&#8243; global_colors_info=&#8221;{}&#8221; animation_style=&#8221;slide&#8221; animation_direction=&#8221;top&#8221; sticky_enabled=&#8221;0&#8243;][et_pb_row _builder_version=&#8221;4.14.6&#8243; _module_preset=&#8221;default&#8221; global_colors_info=&#8221;{}&#8221;][et_pb_column type=&#8221;4_4&#8243; _builder_version=&#8221;4.14.6&#8243; _module_preset=&#8221;default&#8221; global_colors_info=&#8221;{}&#8221;][et_pb_text _builder_version=&#8221;4.14.6&#8243; _module_preset=&#8221;default&#8221; text_font=&#8221;Montserrat|700|||||||&#8221; text_text_color=&#8221;#FFFFFF&#8221; text_font_size=&#8221;3vw&#8221; text_text_shadow_style=&#8221;preset2&#8243; text_text_shadow_color=&#8221;RGBA(10,10,10,0.21)&#8221; global_colors_info=&#8221;{}&#8221;]<\/p>\n<p>Qui\u00e9nes Somos<\/p>\n<p>[\/et_pb_text][\/et_pb_column][\/et_pb_row][\/et_pb_section][et_pb_section fb_built=&#8221;1&#8243; _builder_version=&#8221;4.14.6&#8243; _module_preset=&#8221;default&#8221; custom_padding=&#8221;20px||||false|false&#8221; global_colors_info=&#8221;{}&#8221;][et_pb_row column_structure=&#8221;1_4,1_4,1_4,1_4&#8243; _builder_version=&#8221;4.14.6&#8243; _module_preset=&#8221;default&#8221; global_colors_info=&#8221;{}&#8221;][et_pb_column type=&#8221;1_4&#8243; _builder_version=&#8221;4.14.6&#8243; _module_preset=&#8221;default&#8221; global_colors_info=&#8221;{}&#8221;][et_pb_blurb title=&#8221;T\u00e9cnico en rehabilitaci\u00f3n f\u00edsica y promotor de la salud&#8221; image=&#8221;https:\/\/norterapias.com\/wp-content\/uploads\/2022\/01\/descarga.png&#8221; _builder_version=&#8221;4.14.6&#8243; _module_preset=&#8221;default&#8221; header_font=&#8221;Montserrat||||||||&#8221; header_text_align=&#8221;center&#8221; header_line_height=&#8221;1.2em&#8221; body_font=&#8221;Montserrat||||||||&#8221; body_text_align=&#8221;center&#8221; global_colors_info=&#8221;{}&#8221;]<\/p>\n<p>IDIC &#8211; Instituto de desarrollo integral canoas<\/p>\n<p>[\/et_pb_blurb][\/et_pb_column][et_pb_column type=&#8221;1_4&#8243; _builder_version=&#8221;4.14.6&#8243; _module_preset=&#8221;default&#8221; global_colors_info=&#8221;{}&#8221;][et_pb_blurb title=&#8221;T\u00e9cnico en Quiropraxia&#8221; image=&#8221;https:\/\/norterapias.com\/wp-content\/uploads\/2022\/01\/descarga-1.png&#8221; _builder_version=&#8221;4.14.6&#8243; _module_preset=&#8221;default&#8221; header_font=&#8221;Montserrat||||||||&#8221; header_text_align=&#8221;center&#8221; header_line_height=&#8221;1.2em&#8221; body_font=&#8221;Montserrat||||||||&#8221; body_text_align=&#8221;center&#8221; global_colors_info=&#8221;{}&#8221;]<\/p>\n<p>Instituto Somos Tenerife Espa\u00f1a<\/p>\n<p>[\/et_pb_blurb][\/et_pb_column][et_pb_column type=&#8221;1_4&#8243; _builder_version=&#8221;4.14.6&#8243; _module_preset=&#8221;default&#8221; global_colors_info=&#8221;{}&#8221;][et_pb_blurb title=&#8221;Diplomado en Ozonoterapia&#8221; image=&#8221;https:\/\/norterapias.com\/wp-content\/uploads\/2022\/01\/Captura-de-Pantalla-2022-01-18-a-las-23.43.04.png&#8221; image_icon_width=&#8221;90%&#8221; _builder_version=&#8221;4.14.6&#8243; _module_preset=&#8221;default&#8221; header_font=&#8221;Montserrat||||||||&#8221; header_text_align=&#8221;center&#8221; header_line_height=&#8221;1.2em&#8221; body_font=&#8221;Montserrat||||||||&#8221; body_text_align=&#8221;center&#8221; global_colors_info=&#8221;{}&#8221;]<\/p>\n<p>Centro de estudios en ozonoterapia<\/p>\n<p>[\/et_pb_blurb][\/et_pb_column][et_pb_column type=&#8221;1_4&#8243; _builder_version=&#8221;4.14.6&#8243; _module_preset=&#8221;default&#8221; global_colors_info=&#8221;{}&#8221;][et_pb_blurb title=&#8221;Certificado en Sport Taping&#8221; image=&#8221;https:\/\/norterapias.com\/wp-content\/uploads\/2022\/01\/Captura-de-Pantalla-2022-01-19-a-las-0.00.36.png&#8221; _builder_version=&#8221;4.14.6&#8243; _module_preset=&#8221;default&#8221; header_font=&#8221;Montserrat||||||||&#8221; header_text_align=&#8221;center&#8221; header_line_height=&#8221;1.2em&#8221; body_font=&#8221;Montserrat||||||||&#8221; body_text_align=&#8221;center&#8221; custom_css_blurb_image=&#8221;padding:11px 0px;&#8221; global_colors_info=&#8221;{}&#8221;]<\/p>\n<p>LLU &#8211; Loma Linda University<\/p>\n<p>[\/et_pb_blurb][\/et_pb_column][\/et_pb_row][et_pb_row column_structure=&#8221;1_3,1_3,1_3&#8243; _builder_version=&#8221;4.14.6&#8243; _module_preset=&#8221;default&#8221; custom_padding=&#8221;|10%||10%|false|true&#8221; global_colors_info=&#8221;{}&#8221;][et_pb_column type=&#8221;1_3&#8243; _builder_version=&#8221;4.14.6&#8243; _module_preset=&#8221;default&#8221; global_colors_info=&#8221;{}&#8221;][et_pb_blurb title=&#8221;Certificado en Tratamientos de puntos gatillo y punci\u00f3n seca&#8221; image=&#8221;https:\/\/norterapias.com\/wp-content\/uploads\/2022\/01\/iaces-logo-web.jpeg&#8221; _builder_version=&#8221;4.14.6&#8243; _module_preset=&#8221;default&#8221; header_font=&#8221;Montserrat||||||||&#8221; header_text_align=&#8221;center&#8221; header_line_height=&#8221;1.2em&#8221; body_font=&#8221;Montserrat||||||||&#8221; body_text_align=&#8221;center&#8221; global_colors_info=&#8221;{}&#8221;]<\/p>\n<p>IACES &#8211; Instituto Alcal\u00e1 de Ciencias y Especialidades de la Salud<\/p>\n<p>[\/et_pb_blurb][\/et_pb_column][et_pb_column type=&#8221;1_3&#8243; _builder_version=&#8221;4.14.6&#8243; _module_preset=&#8221;default&#8221; global_colors_info=&#8221;{}&#8221;][et_pb_blurb title=&#8221;Certificado en Cinta kinesiolog\u00eda&#8221; image=&#8221;https:\/\/norterapias.com\/wp-content\/uploads\/2022\/01\/logo-ttinstitute.png&#8221; _builder_version=&#8221;4.14.6&#8243; _module_preset=&#8221;default&#8221; header_font=&#8221;Montserrat||||||||&#8221; header_text_align=&#8221;center&#8221; header_line_height=&#8221;1.2em&#8221; body_font=&#8221;Montserrat||||||||&#8221; body_text_align=&#8221;center&#8221; custom_css_blurb_image=&#8221;padding:12px 0px;&#8221; global_colors_info=&#8221;{}&#8221;]<\/p>\n<p>Target Tape Institute<\/p>\n<p>[\/et_pb_blurb][\/et_pb_column][et_pb_column type=&#8221;1_3&#8243; _builder_version=&#8221;4.14.6&#8243; _module_preset=&#8221;default&#8221; global_colors_info=&#8221;{}&#8221;][et_pb_blurb title=&#8221;Certificado en Liberaci\u00f3n miofascial global &#8221; image=&#8221;https:\/\/norterapias.com\/wp-content\/uploads\/2022\/01\/iaces-logo-web.jpeg&#8221; _builder_version=&#8221;4.14.6&#8243; _module_preset=&#8221;default&#8221; header_font=&#8221;Montserrat||||||||&#8221; header_text_align=&#8221;center&#8221; header_line_height=&#8221;1.2em&#8221; body_font=&#8221;Montserrat||||||||&#8221; body_text_align=&#8221;center&#8221; global_colors_info=&#8221;{}&#8221;]<\/p>\n<p>IACES &#8211; Instituto Alcal\u00e1 de Ciencias y Especialidades de la Salud<\/p>\n<p>[\/et_pb_blurb][\/et_pb_column][\/et_pb_row][\/et_pb_section]<\/p>\n","protected":false},"excerpt":{"rendered":"<p>Qui\u00e9nes SomosIDIC &#8211; Instituto de desarrollo integral canoasInstituto Somos Tenerife Espa\u00f1aCentro de estudios en ozonoterapiaLLU &#8211; Loma Linda UniversityIACES &#8211; Instituto Alcal\u00e1 de Ciencias y Especialidades de la SaludTarget Tape InstituteIACES &#8211; Instituto Alcal\u00e1 de Ciencias y Especialidades de la Salud<\/p>\n","protected":false},"author":1,"featured_media":0,"parent":0,"menu_order":2,"comment_status":"closed","ping_status":"closed","template":"","meta":{"_et_pb_use_builder":"on","_et_pb_old_content":"","_et_gb_content_width":""},"_links":{"self":[{"href":"https:\/\/norterapias.com\/index.php?rest_route=\/wp\/v2\/pages\/56"}],"collection":[{"href":"https:\/\/norterapias.com\/index.php?rest_route=\/wp\/v2\/pages"}],"about":[{"href":"https:\/\/norterapias.com\/index.php?rest_route=\/wp\/v2\/types\/page"}],"author":[{"embeddable":true,"href":"https:\/\/norterapias.com\/index.php?rest_route=\/wp\/v2\/users\/1"}],"replies":[{"embeddable":true,"href":"https:\/\/norterapias.com\/index.php?rest_route=%2Fwp%2Fv2%2Fcomments&post=56"}],"version-history":[{"count":6,"href":"https:\/\/norterapias.com\/index.php?rest_route=\/wp\/v2\/pages\/56\/revisions"}],"predecessor-version":[{"id":115,"href":"https:\/\/norterapias.com\/index.php?rest_route=\/wp\/v2\/pages\/56\/revisions\/115"}],"wp:attachment":[{"href":"https:\/\/norterapias.com\/index.php?rest_route=%2Fwp%2Fv2%2Fmedia&parent=56"}],"curies":[{"name":"wp","href":"https:\/\/api.w.org\/{rel}","templated":true}]}}